{"id":1303,"date":"2023-01-25T13:51:13","date_gmt":"2023-01-25T10:51:13","guid":{"rendered":"http:\/\/www.bluetec.com.tr\/?post_type=product&#038;p=1303"},"modified":"2023-02-04T17:54:15","modified_gmt":"2023-02-04T14:54:15","slug":"api-vanalar","status":"publish","type":"product","link":"https:\/\/www.bluetec.com.tr\/en\/product\/api-vanalar\/","title":{"rendered":"API Valves"},"content":{"rendered":"","protected":false},"excerpt":{"rendered":"<p>T max: 0 ile +500 \u00b0C<\/p>\n<p>DN max: 720<\/p>\n<p>PN max: 420<\/p>\n<p><strong>Usage areas;<\/strong><\/p>\n<ul>\n<li>Refineries<\/li>\n<li>Petrochemical Facilities<\/li>\n<li>Chemical Plants<\/li>\n<li>General Industrial Facilities<\/li>\n<\/ul>\n<p>&nbsp;<\/p>","protected":false},"featured_media":1557,"comment_status":"closed","ping_status":"closed","template":"","meta":{"_monsterinsights_skip_tracking":false,"_monsterinsights_sitenote_active":false,"_monsterinsights_sitenote_note":"","_monsterinsights_sitenote_category":0},"product_cat":[47],"product_tag":[],"yoast_head":"<!-- This site is optimized with the Yoast SEO plugin v20.13 - https:\/\/yoast.com\/wordpress\/plugins\/seo\/ -->\n<title>API Vanalar - Bluetec End&uuml;stri<\/title>\n<meta name=\"robots\" content=\"index, follow, max-snippet:-1, max-image-preview:large, max-video-preview:-1\" \/>\n<link rel=\"canonical\" href=\"https:\/\/www.bluetec.com.tr\/en\/product\/api-vanalar\/\" \/>\n<meta property=\"og:locale\" content=\"en_US\" \/>\n<meta property=\"og:type\" content=\"article\" \/>\n<meta property=\"og:title\" content=\"API Vanalar - Bluetec End&uuml;stri\" \/>\n<meta property=\"og:description\" content=\"T max: 0 ile +500 \u00b0C  DN max: 720  PN max: 420  Kullan\u0131m Alanlar\u0131;   Rafineriler  Petrokimya Tesisleri  Kimya Tesisleri  Genel End\u00fcstriyel Tesisler  &nbsp;\" \/>\n<meta property=\"og:url\" content=\"https:\/\/www.bluetec.com.tr\/en\/product\/api-vanalar\/\" \/>\n<meta property=\"og:site_name\" content=\"Bluetec End&uuml;stri\" \/>\n<meta property=\"article:publisher\" content=\"https:\/\/www.facebook.com\/profile.php?id=100063496869317\" \/>\n<meta property=\"article:modified_time\" content=\"2023-02-04T14:54:15+00:00\" \/>\n<meta property=\"og:image\" content=\"https:\/\/www.bluetec.com.tr\/wp-content\/uploads\/2023\/01\/api.jpg\" \/>\n\t<meta property=\"og:image:width\" content=\"1000\" \/>\n\t<meta property=\"og:image:height\" content=\"1000\" \/>\n\t<meta property=\"og:image:type\" content=\"image\/jpeg\" \/>\n<meta name=\"twitter:card\" content=\"summary_large_image\" \/>\n<script type=\"application\/ld+json\" class=\"yoast-schema-graph\">{\"@context\":\"https:\/\/schema.org\",\"@graph\":[{\"@type\":\"WebPage\",\"@id\":\"https:\/\/www.bluetec.com.tr\/urun\/api-vanalar\/\",\"url\":\"https:\/\/www.bluetec.com.tr\/urun\/api-vanalar\/\",\"name\":\"API Vanalar - Bluetec End&uuml;stri\",\"isPartOf\":{\"@id\":\"https:\/\/www.bluetec.com.tr\/#website\"},\"datePublished\":\"2023-01-25T10:51:13+00:00\",\"dateModified\":\"2023-02-04T14:54:15+00:00\",\"breadcrumb\":{\"@id\":\"https:\/\/www.bluetec.com.tr\/urun\/api-vanalar\/#breadcrumb\"},\"inLanguage\":\"en-US\",\"potentialAction\":[{\"@type\":\"ReadAction\",\"target\":[\"https:\/\/www.bluetec.com.tr\/urun\/api-vanalar\/\"]}]},{\"@type\":\"BreadcrumbList\",\"@id\":\"https:\/\/www.bluetec.com.tr\/urun\/api-vanalar\/#breadcrumb\",\"itemListElement\":[{\"@type\":\"ListItem\",\"position\":1,\"name\":\"Anasayfa\",\"item\":\"https:\/\/www.bluetec.com.tr\/\"},{\"@type\":\"ListItem\",\"position\":2,\"name\":\"Ma\u011faza\",\"item\":\"https:\/\/www.bluetec.com.tr\/magaza\/\"},{\"@type\":\"ListItem\",\"position\":3,\"name\":\"API Vanalar\"}]},{\"@type\":\"WebSite\",\"@id\":\"https:\/\/www.bluetec.com.tr\/#website\",\"url\":\"https:\/\/www.bluetec.com.tr\/\",\"name\":\"Bluetec End\u00fcstri - KSB Pompa Yetkili Bayii\",\"description\":\"KSB Pompa Yetkili Bayii\",\"publisher\":{\"@id\":\"https:\/\/www.bluetec.com.tr\/#organization\"},\"potentialAction\":[{\"@type\":\"SearchAction\",\"target\":{\"@type\":\"EntryPoint\",\"urlTemplate\":\"https:\/\/www.bluetec.com.tr\/?s={search_term_string}\"},\"query-input\":\"required name=search_term_string\"}],\"inLanguage\":\"en-US\"},{\"@type\":\"Organization\",\"@id\":\"https:\/\/www.bluetec.com.tr\/#organization\",\"name\":\"Bluetec End\u00fcstri - KSB Pompa Yetkili Bayii\",\"url\":\"https:\/\/www.bluetec.com.tr\/\",\"logo\":{\"@type\":\"ImageObject\",\"inLanguage\":\"en-US\",\"@id\":\"https:\/\/www.bluetec.com.tr\/#\/schema\/logo\/image\/\",\"url\":\"https:\/\/www.bluetec.com.tr\/wp-content\/uploads\/2023\/01\/amwerk-logo-gold-bronze-01.png\",\"contentUrl\":\"https:\/\/www.bluetec.com.tr\/wp-content\/uploads\/2023\/01\/amwerk-logo-gold-bronze-01.png\",\"width\":1668,\"height\":1026,\"caption\":\"Bluetec End\u00fcstri - KSB Pompa Yetkili Bayii\"},\"image\":{\"@id\":\"https:\/\/www.bluetec.com.tr\/#\/schema\/logo\/image\/\"},\"sameAs\":[\"https:\/\/www.facebook.com\/profile.php?id=100063496869317\",\"https:\/\/www.instagram.com\/bluetec.endustri\/\",\"https:\/\/www.linkedin.com\/company\/bluetec-endstri-a-\/posts\/?feedView=all\"]}]}<\/script>\n<!-- \/ Yoast SEO plugin. -->","yoast_head_json":{"title":"API Vanalar - Bluetec End&uuml;stri","robots":{"index":"index","follow":"follow","max-snippet":"max-snippet:-1","max-image-preview":"max-image-preview:large","max-video-preview":"max-video-preview:-1"},"canonical":"https:\/\/www.bluetec.com.tr\/en\/product\/api-vanalar\/","og_locale":"en_US","og_type":"article","og_title":"API Vanalar - Bluetec End&uuml;stri","og_description":"T max: 0 ile +500 \u00b0C  DN max: 720  PN max: 420  Kullan\u0131m Alanlar\u0131;   Rafineriler  Petrokimya Tesisleri  Kimya Tesisleri  Genel End\u00fcstriyel Tesisler  &nbsp;","og_url":"https:\/\/www.bluetec.com.tr\/en\/product\/api-vanalar\/","og_site_name":"Bluetec End&uuml;stri","article_publisher":"https:\/\/www.facebook.com\/profile.php?id=100063496869317","article_modified_time":"2023-02-04T14:54:15+00:00","og_image":[{"width":1000,"height":1000,"url":"https:\/\/www.bluetec.com.tr\/wp-content\/uploads\/2023\/01\/api.jpg","type":"image\/jpeg"}],"twitter_card":"summary_large_image","schema":{"@context":"https:\/\/schema.org","@graph":[{"@type":"WebPage","@id":"https:\/\/www.bluetec.com.tr\/urun\/api-vanalar\/","url":"https:\/\/www.bluetec.com.tr\/urun\/api-vanalar\/","name":"API Vanalar - Bluetec End&uuml;stri","isPartOf":{"@id":"https:\/\/www.bluetec.com.tr\/#website"},"datePublished":"2023-01-25T10:51:13+00:00","dateModified":"2023-02-04T14:54:15+00:00","breadcrumb":{"@id":"https:\/\/www.bluetec.com.tr\/urun\/api-vanalar\/#breadcrumb"},"inLanguage":"en-US","potentialAction":[{"@type":"ReadAction","target":["https:\/\/www.bluetec.com.tr\/urun\/api-vanalar\/"]}]},{"@type":"BreadcrumbList","@id":"https:\/\/www.bluetec.com.tr\/urun\/api-vanalar\/#breadcrumb","itemListElement":[{"@type":"ListItem","position":1,"name":"Anasayfa","item":"https:\/\/www.bluetec.com.tr\/"},{"@type":"ListItem","position":2,"name":"Ma\u011faza","item":"https:\/\/www.bluetec.com.tr\/magaza\/"},{"@type":"ListItem","position":3,"name":"API Vanalar"}]},{"@type":"WebSite","@id":"https:\/\/www.bluetec.com.tr\/#website","url":"https:\/\/www.bluetec.com.tr\/","name":"Bluetec End\u00fcstri - KSB Pompa Yetkili Bayii","description":"KSB Pompa Yetkili Bayii","publisher":{"@id":"https:\/\/www.bluetec.com.tr\/#organization"},"potentialAction":[{"@type":"SearchAction","target":{"@type":"EntryPoint","urlTemplate":"https:\/\/www.bluetec.com.tr\/?s={search_term_string}"},"query-input":"required name=search_term_string"}],"inLanguage":"en-US"},{"@type":"Organization","@id":"https:\/\/www.bluetec.com.tr\/#organization","name":"Bluetec End\u00fcstri - KSB Pompa Yetkili Bayii","url":"https:\/\/www.bluetec.com.tr\/","logo":{"@type":"ImageObject","inLanguage":"en-US","@id":"https:\/\/www.bluetec.com.tr\/#\/schema\/logo\/image\/","url":"https:\/\/www.bluetec.com.tr\/wp-content\/uploads\/2023\/01\/amwerk-logo-gold-bronze-01.png","contentUrl":"https:\/\/www.bluetec.com.tr\/wp-content\/uploads\/2023\/01\/amwerk-logo-gold-bronze-01.png","width":1668,"height":1026,"caption":"Bluetec End\u00fcstri - KSB Pompa Yetkili Bayii"},"image":{"@id":"https:\/\/www.bluetec.com.tr\/#\/schema\/logo\/image\/"},"sameAs":["https:\/\/www.facebook.com\/profile.php?id=100063496869317","https:\/\/www.instagram.com\/bluetec.endustri\/","https:\/\/www.linkedin.com\/company\/bluetec-endstri-a-\/posts\/?feedView=all"]}]}},"_links":{"self":[{"href":"https:\/\/www.bluetec.com.tr\/en\/wp-json\/wp\/v2\/product\/1303"}],"collection":[{"href":"https:\/\/www.bluetec.com.tr\/en\/wp-json\/wp\/v2\/product"}],"about":[{"href":"https:\/\/www.bluetec.com.tr\/en\/wp-json\/wp\/v2\/types\/product"}],"replies":[{"embeddable":true,"href":"https:\/\/www.bluetec.com.tr\/en\/wp-json\/wp\/v2\/comments?post=1303"}],"wp:featuredmedia":[{"embeddable":true,"href":"https:\/\/www.bluetec.com.tr\/en\/wp-json\/wp\/v2\/media\/1557"}],"wp:attachment":[{"href":"https:\/\/www.bluetec.com.tr\/en\/wp-json\/wp\/v2\/media?parent=1303"}],"wp:term":[{"taxonomy":"product_cat","embeddable":true,"href":"https:\/\/www.bluetec.com.tr\/en\/wp-json\/wp\/v2\/product_cat?post=1303"},{"taxonomy":"product_tag","embeddable":true,"href":"https:\/\/www.bluetec.com.tr\/en\/wp-json\/wp\/v2\/product_tag?post=1303"}],"curies":[{"name":"wp","href":"https:\/\/api.w.org\/{rel}","templated":true}]}}